{"id":459,"date":"2025-01-04T17:50:19","date_gmt":"2025-01-04T17:50:19","guid":{"rendered":"https:\/\/doruyazilim.com\/?page_id=459"},"modified":"2025-02-11T18:12:34","modified_gmt":"2025-02-11T18:12:34","slug":"yazilim-urunleri","status":"publish","type":"page","link":"https:\/\/doruyazilim.com\/?page_id=459","title":{"rendered":"Yaz\u0131l\u0131m \u00dcr\u00fcnleri"},"content":{"rendered":"\t\t<div data-elementor-type=\"wp-page\" data-elementor-id=\"459\" class=\"elementor elementor-459\">\n\t\t\t\t<div class=\"elementor-element elementor-element-6d4096c e-flex e-con-boxed e-con e-parent\" data-id=\"6d4096c\" data-element_type=\"container\" data-e-type=\"container\">\n\t\t\t\t\t<div class=\"e-con-inner\">\n\t\t\t\t\t<\/div>\n\t\t\t\t<\/div>\n\t\t<div class=\"elementor-element elementor-element-07f6927 e-flex e-con-boxed e-con e-parent\" data-id=\"07f6927\" data-element_type=\"container\" data-e-type=\"container\">\n\t\t\t\t\t<div class=\"e-con-inner\">\n\t\t<div class=\"elementor-element elementor-element-adb989d e-con-full e-flex e-con e-child\" data-id=\"adb989d\" data-element_type=\"container\" data-e-type=\"container\">\n\t\t\t\t<div class=\"elementor-element elementor-element-6e62fee elementor-widget elementor-widget-image\" data-id=\"6e62fee\" data-element_type=\"widget\" data-e-type=\"widget\" data-widget_type=\"image.default\">\n\t\t\t\t<div class=\"elementor-widget-container\">\n\t\t\t\t\t\t\t\t\t\t\t\t\t\t\t<img fetchpriority=\"high\" decoding=\"async\" width=\"520\" height=\"574\" src=\"https:\/\/doruyazilim.com\/wp-content\/uploads\/2024\/12\/2-2.png\" class=\"attachment-large size-large wp-image-116\" alt=\"\" srcset=\"https:\/\/doruyazilim.com\/wp-content\/uploads\/2024\/12\/2-2.png 520w, https:\/\/doruyazilim.com\/wp-content\/uploads\/2024\/12\/2-2-272x300.png 272w\" sizes=\"(max-width: 520px) 100vw, 520px\" \/>\t\t\t\t\t\t\t\t\t\t\t\t\t\t\t<\/div>\n\t\t\t\t<\/div>\n\t\t\t\t<\/div>\n\t\t<div class=\"elementor-element elementor-element-517c05f e-con-full e-flex e-con e-child\" data-id=\"517c05f\" data-element_type=\"container\" data-e-type=\"container\">\n\t\t\t\t<div class=\"elementor-element elementor-element-c21c169 elementor-widget elementor-widget-image\" data-id=\"c21c169\" data-element_type=\"widget\" data-e-type=\"widget\" data-widget_type=\"image.default\">\n\t\t\t\t<div class=\"elementor-widget-container\">\n\t\t\t\t\t\t\t\t\t\t\t\t\t\t\t<img decoding=\"async\" width=\"520\" height=\"574\" src=\"https:\/\/doruyazilim.com\/wp-content\/uploads\/2024\/12\/1-2.png\" class=\"attachment-large size-large wp-image-115\" alt=\"\" srcset=\"https:\/\/doruyazilim.com\/wp-content\/uploads\/2024\/12\/1-2.png 520w, https:\/\/doruyazilim.com\/wp-content\/uploads\/2024\/12\/1-2-272x300.png 272w\" sizes=\"(max-width: 520px) 100vw, 520px\" \/>\t\t\t\t\t\t\t\t\t\t\t\t\t\t\t<\/div>\n\t\t\t\t<\/div>\n\t\t\t\t<\/div>\n\t\t<div class=\"elementor-element elementor-element-0a5f83e e-con-full e-flex e-con e-child\" data-id=\"0a5f83e\" data-element_type=\"container\" data-e-type=\"container\">\n\t\t\t\t<div class=\"elementor-element elementor-element-ce884c6 elementor-widget elementor-widget-image\" data-id=\"ce884c6\" data-element_type=\"widget\" data-e-type=\"widget\" data-widget_type=\"image.default\">\n\t\t\t\t<div class=\"elementor-widget-container\">\n\t\t\t\t\t\t\t\t\t\t\t\t\t\t\t<img decoding=\"async\" width=\"520\" height=\"574\" src=\"https:\/\/doruyazilim.com\/wp-content\/uploads\/2025\/02\/White-and-Purple-Modern-App-and-Software-Service-Instagram-Post-1.webp\" class=\"attachment-large size-large wp-image-550\" alt=\"\" srcset=\"https:\/\/doruyazilim.com\/wp-content\/uploads\/2025\/02\/White-and-Purple-Modern-App-and-Software-Service-Instagram-Post-1.webp 520w, https:\/\/doruyazilim.com\/wp-content\/uploads\/2025\/02\/White-and-Purple-Modern-App-and-Software-Service-Instagram-Post-1-272x300.webp 272w\" sizes=\"(max-width: 520px) 100vw, 520px\" \/>\t\t\t\t\t\t\t\t\t\t\t\t\t\t\t<\/div>\n\t\t\t\t<\/div>\n\t\t\t\t<\/div>\n\t\t<div class=\"elementor-element elementor-element-d7a5c31 e-con-full e-flex e-con e-child\" data-id=\"d7a5c31\" data-element_type=\"container\" data-e-type=\"container\">\n\t\t\t\t<div class=\"elementor-element elementor-element-7c0c604 elementor-widget elementor-widget-text-editor\" data-id=\"7c0c604\" data-element_type=\"widget\" data-e-type=\"widget\" data-widget_type=\"text-editor.default\">\n\t\t\t\t<div class=\"elementor-widget-container\">\n\t\t\t\t\t\t\t\t\t<h2 class=\"elementor-heading-title elementor-size-default elementor-inline-editing pen\" style=\"font-family: Poppins, sans-serif; font-size: 22px; line-height: 1.2em; color: #1c244b;\" data-elementor-setting-key=\"title\" data-pen-placeholder=\"Buraya Yaz\u0131n...\">Dijital Parkur- Online E\u011fitim Platformu<\/h2>\t\t\t\t\t\t\t\t<\/div>\n\t\t\t\t<\/div>\n\t\t\t\t<div class=\"elementor-element elementor-element-5992e2b elementor-widget elementor-widget-text-editor\" data-id=\"5992e2b\" data-element_type=\"widget\" data-e-type=\"widget\" data-widget_type=\"text-editor.default\">\n\t\t\t\t<div class=\"elementor-widget-container\">\n\t\t\t\t\t\t\t\t\t<p>Dijital Parkur, Doru Yaz\u0131l\u0131m ve Dan\u0131\u015fmanl\u0131k A.\u015e. taraf\u0131ndan, s\u0131navlara haz\u0131rlanan \u00f6\u011frencilerin e\u011fitim s\u00fcre\u00e7lerini kolayla\u015ft\u0131rmak ve onlara en iyi \u00f6\u011frenme deneyimini sunmak amac\u0131yla tasarlanm\u0131\u015f yenilik\u00e7i bir online e\u011fitim platformudur.<\/p><p>E\u011fitimde f\u0131rsat e\u015fitli\u011fini art\u0131rmay\u0131 hedefleyen Dijital Parkur, kullan\u0131c\u0131 dostu bir ara y\u00fcz, kapsaml\u0131 i\u00e7erik, ve en g\u00fcncel teknolojilerle desteklenen \u00f6zellikleriyle dikkat \u00e7ekiyor. Platformumuz, yaln\u0131zca bilgi aktaran bir ara\u00e7 de\u011fil; ayn\u0131 zamanda \u00f6\u011frencilere yol g\u00f6steren ve geli\u015fimlerini s\u00fcrekli destekleyen bir rehberdir.<\/p><p><strong>Hedefimiz: Her \u00d6\u011frenciye Ula\u015fmak<\/strong><\/p><p>Dijital Parkur, yaln\u0131zca b\u00fcy\u00fck \u015fehirlerde de\u011fil, e\u011fitim kaynaklar\u0131na eri\u015fimi k\u0131s\u0131tl\u0131 olan b\u00f6lgelerdeki \u00f6\u011frenciler i\u00e7in de e\u015fit f\u0131rsatlar sunmay\u0131 hedefliyor. Bu do\u011frultuda, platformumuzu s\u00fcrekli geli\u015ftirerek daha geni\u015f bir kitleye ula\u015fmay\u0131 ve e\u011fitimin s\u0131n\u0131rlar\u0131n\u0131 kald\u0131rmay\u0131 ama\u00e7l\u0131yoruz.<\/p>\t\t\t\t\t\t\t\t<\/div>\n\t\t\t\t<\/div>\n\t\t\t\t<\/div>\n\t\t<div class=\"elementor-element elementor-element-fdddc04 e-con-full e-flex e-con e-child\" data-id=\"fdddc04\" data-element_type=\"container\" data-e-type=\"container\">\n\t\t\t\t<div class=\"elementor-element elementor-element-efb8df0 elementor-widget elementor-widget-text-editor\" data-id=\"efb8df0\" data-element_type=\"widget\" data-e-type=\"widget\" data-widget_type=\"text-editor.default\">\n\t\t\t\t<div class=\"elementor-widget-container\">\n\t\t\t\t\t\t\t\t\t<h2 class=\"elementor-heading-title elementor-size-default elementor-inline-editing pen\" style=\"font-family: Poppins, sans-serif; font-size: 22px; line-height: 1.2em; color: #1c244b;\" data-elementor-setting-key=\"title\" data-pen-placeholder=\"Buraya Yaz\u0131n...\">Siber Kule &#8211; Siber G\u00fcvenlik Yaz\u0131l\u0131m\u0131<\/h2>\t\t\t\t\t\t\t\t<\/div>\n\t\t\t\t<\/div>\n\t\t\t\t<div class=\"elementor-element elementor-element-677dbff elementor-widget elementor-widget-text-editor\" data-id=\"677dbff\" data-element_type=\"widget\" data-e-type=\"widget\" data-widget_type=\"text-editor.default\">\n\t\t\t\t<div class=\"elementor-widget-container\">\n\t\t\t\t\t\t\t\t\t<p>Doru Yaz\u0131l\u0131m ve Dan\u0131\u015fmanl\u0131k A.\u015e. olarak, dijital d\u00fcnyan\u0131n h\u0131zla geli\u015fmesiyle birlikte artan siber tehditlere kar\u015f\u0131 g\u00fc\u00e7l\u00fc ve etkili \u00e7\u00f6z\u00fcmler sunuyoruz. \u0130\u015fletmelerin ve bireylerin dijital varl\u0131klar\u0131n\u0131 koruma misyonuyla, g\u00fcvenilir siber g\u00fcvenlik hizmetleri geli\u015ftirmeye odaklan\u0131yoruz.<\/p><p>Hizmetlerimiz aras\u0131nda:<\/p><ul><li><strong>A\u011f G\u00fcvenli\u011fi<\/strong>: \u015eirket i\u00e7i ve d\u0131\u015f\u0131 a\u011f trafi\u011finizi g\u00fcvence alt\u0131na alarak veri ihlallerini \u00f6nl\u00fcyoruz.<\/li><li><strong>Veri Koruma<\/strong>: Hassas verilerinizi \u015fifreleme ve yedekleme gibi y\u00f6ntemlerle g\u00fcvence alt\u0131na al\u0131yoruz.<\/li><li><strong>Siber Tehdit Analizi<\/strong>: Potansiyel riskleri tespit ederek \u00f6nleyici \u00e7\u00f6z\u00fcmler sunuyoruz.<\/li><li><strong>Siber Fark\u0131ndal\u0131k E\u011fitimleri<\/strong>: \u00c7al\u0131\u015fanlar\u0131n\u0131z\u0131n siber tehditlere kar\u015f\u0131 bilin\u00e7lenmesi i\u00e7in e\u011fitim programlar\u0131 d\u00fczenliyoruz.<\/li><\/ul><p>Her \u00e7\u00f6z\u00fcm\u00fcm\u00fcz, en g\u00fcncel teknolojiler ve global standartlar \u0131\u015f\u0131\u011f\u0131nda tasarlanm\u0131\u015ft\u0131r. Amac\u0131m\u0131z, sadece olas\u0131 tehditlere kar\u015f\u0131 savunma sa\u011flamak de\u011fil, ayn\u0131 zamanda kullan\u0131c\u0131lar\u0131m\u0131z\u0131 bilin\u00e7lendirerek proaktif bir g\u00fcvenlik anlay\u0131\u015f\u0131 olu\u015fturmakt\u0131r.\u00a0<\/p>\t\t\t\t\t\t\t\t<\/div>\n\t\t\t\t<\/div>\n\t\t\t\t<\/div>\n\t\t<div class=\"elementor-element elementor-element-3243fe3 e-con-full e-flex e-con e-child\" data-id=\"3243fe3\" data-element_type=\"container\" data-e-type=\"container\">\n\t\t\t\t<div class=\"elementor-element elementor-element-5921eb1 elementor-widget elementor-widget-text-editor\" data-id=\"5921eb1\" data-element_type=\"widget\" data-e-type=\"widget\" data-widget_type=\"text-editor.default\">\n\t\t\t\t<div class=\"elementor-widget-container\">\n\t\t\t\t\t\t\t\t\t<div class=\"home-feature-blok\"><h3 class=\"title\">AKINSOFT: T\u00dcRK\u0130YE\u2019N\u0130N L\u0130DER YAZILIM \u015e\u0130RKET\u0130<\/h3><p class=\"text\"><span style=\"font-family: var(--global-body-font-family);\">\u0130\u015fletmelerin verimlili\u011fini art\u0131rmak ve i\u015f s\u00fcre\u00e7lerini optimize etmek i\u00e7in geli\u015ftirdi\u011fi <\/span><a style=\"font-family: var(--global-body-font-family);\" href=\"https:\/\/www.akinsoft.com.tr\/kurumsal-kaynak-planlamasi\/\" target=\"_blank\" rel=\"noopener\">ERP (Kurumsal Kaynak Planlama)<\/a><span style=\"font-family: var(--global-body-font-family);\">\u00a0programlar\u0131yla dikkat \u00e7eken AKINSOFT \u2019un sundu\u011fu ERP \u00e7\u00f6z\u00fcmleri, farkl\u0131 sekt\u00f6rlerde faaliyet g\u00f6steren i\u015fletmelerin ihtiya\u00e7lar\u0131na uygun olarak tasarlanm\u0131\u015ft\u0131r.<\/span><\/p><\/div><div class=\"home-feature-blok\"><div class=\"home-feature-blok\"><p class=\"text\">\u015eirketin sundu\u011fu yaz\u0131l\u0131m \u00e7\u00f6z\u00fcmleri aras\u0131nda\u00a0<a href=\"https:\/\/www.akinsoft.com.tr\/muhasebe-cozumleri\/\" target=\"_blank\" rel=\"noopener\">muhasebe ve finans y\u00f6netimi<\/a>,\u00a0<a href=\"https:\/\/www.akinsoft.com.tr\/kurumsal-kaynak-planlamasi\/insan-kaynaklari-yonetim-programi\" target=\"_blank\" rel=\"noopener\">insan kaynaklar\u0131 ve personel y\u00f6netimi<\/a>,\u00a0<a href=\"https:\/\/www.akinsoft.com.tr\/kurumsal-kaynak-planlamasi\/mrp-programi\" target=\"_blank\" rel=\"noopener\">\u00fcretim ve stok y\u00f6netimi<\/a>,\u00a0<a href=\"https:\/\/www.akinsoft.com.tr\/sektorel-cozumler\/hizli-satis\" target=\"_blank\" rel=\"noopener\">perakende ve sat\u0131\u015f y\u00f6netimi<\/a>\u00a0gibi alanlarda \u00e7e\u015fitli \u00fcr\u00fcnler bulunmaktad\u0131r. Bu \u00e7\u00f6z\u00fcmler, i\u015fletmelerin operasyonlar\u0131n\u0131 daha verimli bir \u015fekilde y\u00f6netmelerine yard\u0131mc\u0131 olmaktad\u0131r.<\/p><\/div><div class=\"home-feature-blok\"><p class=\"text\">AKINSOFT\u2019 un \u00fcr\u00fcnleri genellikle kullan\u0131c\u0131 dostu aray\u00fczleri ve\u00a0<a href=\"https:\/\/www.akinsoft.com.tr\/diger-cozumlerimiz\/entegrasyonlarimiz\" target=\"_blank\" rel=\"noopener\">kolay entegrasyon<\/a>\u00a0imkanlar\u0131 ile \u00f6ne \u00e7\u0131kmaktad\u0131r. Ayr\u0131ca, \u015firketin sundu\u011fu\u00a0<a href=\"https:\/\/www.akinsoft.com.tr\/destek-asistaniniz\" target=\"_blank\" rel=\"noopener\">teknik destek<\/a>\u00a0ve e\u011fitim hizmetleri de m\u00fc\u015fterilerinin yaz\u0131l\u0131m \u00fcr\u00fcnlerini etkin bir \u015fekilde kullanmalar\u0131na olanak sa\u011flamaktad\u0131r.<\/p><\/div><div class=\"home-feature-blok\"><p class=\"text\">Teknoloji alan\u0131ndaki s\u00fcrekli de\u011fi\u015fim ve geli\u015fmeleri yak\u0131ndan takip eden AKINSOFT, Ar-GE \u00e7al\u0131\u015fmalar\u0131na b\u00fcy\u00fck \u00f6nem vermektedir. Bu sayede, \u015firketin \u00fcr\u00fcnleri s\u00fcrekli olarak g\u00fcncellenmekte ve m\u00fc\u015fterilerine en yeni teknolojileri sunmaktad\u0131r.<\/p><\/div><div class=\"home-feature-blok\"><p class=\"text\">Sonu\u00e7 olarak, AKINSOFT T\u00fcrkiye&#8217;nin \u00f6nde gelen yaz\u0131l\u0131m \u015firketlerinden biri olarak bilinmekte ve sekt\u00f6rdeki g\u00fc\u00e7l\u00fc konumuyla dikkat \u00e7ekmektedir. M\u00fc\u015fteri odakl\u0131 yakla\u015f\u0131m\u0131 ve yenilik\u00e7i \u00e7\u00f6z\u00fcmleriyle AKINSOFT, T\u00fcrkiye&#8217;nin bir\u00e7ok i\u015fletmesine yaz\u0131l\u0131m alan\u0131nda de\u011ferli bir\u00a0<a href=\"https:\/\/www.akinsoft.com.tr\/medya-merkezi\/referans-videolari--51\" target=\"_blank\" rel=\"noopener\">ortakl\u0131k\u00a0<\/a>sunmaktad\u0131r.<\/p><\/div><\/div>\t\t\t\t\t\t\t\t<\/div>\n\t\t\t\t<\/div>\n\t\t\t\t<\/div>\n\t\t\t\t\t<\/div>\n\t\t\t\t<\/div>\n\t\t<div class=\"elementor-element elementor-element-172057e5 e-flex e-con-boxed e-con e-parent\" data-id=\"172057e5\" data-element_type=\"container\" data-e-type=\"container\" data-settings=\"{&quot;background_background&quot;:&quot;classic&quot;}\">\n\t\t\t\t\t<div class=\"e-con-inner\">\n\t\t\t\t<div class=\"elementor-element elementor-element-1f969204 elementor-widget elementor-widget-heading\" data-id=\"1f969204\" data-element_type=\"widget\" data-e-type=\"widget\" data-widget_type=\"heading.default\">\n\t\t\t\t<div class=\"elementor-widget-container\">\n\t\t\t\t\t<h3 class=\"elementor-heading-title elementor-size-default\">\u00dcr\u00fcnlerimiz hakk\u0131nda bilgi almak i\u00e7in l\u00fctfen bizimle ileti\u015fime ge\u00e7iniz.<\/h3>\t\t\t\t<\/div>\n\t\t\t\t<\/div>\n\t\t\t\t<div class=\"elementor-element elementor-element-1c5b8eb4 elementor-widget elementor-widget-text-editor\" data-id=\"1c5b8eb4\" data-element_type=\"widget\" data-e-type=\"widget\" data-widget_type=\"text-editor.default\">\n\t\t\t\t<div class=\"elementor-widget-container\">\n\t\t\t\t\t\t\t\t\t<p>Doru Yaz\u0131l\u0131m ve Dan\u0131\u015fmanl\u0131k A.\u015e. Gaziantep \u00dcniversitesi Teknopark\u0131 alt\u0131nda faaliyetlerine devam etmektedir. Siz De\u011ferli m\u00fc\u015fterilerimize do\u011fru \u00e7\u00f6z\u00fcmleri do\u011fru y\u00f6ntemler ile sunmaktay\u0131z.<\/p>\t\t\t\t\t\t\t\t<\/div>\n\t\t\t\t<\/div>\n\t\t\t\t<div class=\"elementor-element elementor-element-524c37cc elementor-mobile-align-center elementor-align-center elementor-widget elementor-widget-button\" data-id=\"524c37cc\" data-element_type=\"widget\" data-e-type=\"widget\" data-widget_type=\"button.default\">\n\t\t\t\t<div class=\"elementor-widget-container\">\n\t\t\t\t\t\t\t\t\t<div class=\"elementor-button-wrapper\">\n\t\t\t\t\t<a class=\"elementor-button elementor-button-link elementor-size-sm\" href=\"https:\/\/doruyazilim.com\/?page_id=16\">\n\t\t\t\t\t\t<span class=\"elementor-button-content-wrapper\">\n\t\t\t\t\t\t\t\t\t<span class=\"elementor-button-text\">\u0130leti\u015fim<\/span>\n\t\t\t\t\t<\/span>\n\t\t\t\t\t<\/a>\n\t\t\t\t<\/div>\n\t\t\t\t\t\t\t\t<\/div>\n\t\t\t\t<\/div>\n\t\t\t\t\t<\/div>\n\t\t\t\t<\/div>\n\t\t<footer class=\"elementor-element elementor-element-63b9c91c e-con-full e-flex e-con e-parent\" data-id=\"63b9c91c\" data-element_type=\"container\" data-e-type=\"container\">\n\t\t<div class=\"elementor-element elementor-element-7a493970 e-con-full e-flex e-con e-child\" data-id=\"7a493970\" data-element_type=\"container\" data-e-type=\"container\">\n\t\t\t\t<\/div>\n\t\t<div class=\"elementor-element elementor-element-467226df e-con-full e-flex e-con e-child\" data-id=\"467226df\" data-element_type=\"container\" data-e-type=\"container\">\n\t\t\t\t<div class=\"elementor-element elementor-element-57d87548 elementor-icon-list--layout-inline elementor-tablet-align-center elementor-align-center elementor-list-item-link-full_width elementor-widget elementor-widget-icon-list\" data-id=\"57d87548\" data-element_type=\"widget\" data-e-type=\"widget\" data-widget_type=\"icon-list.default\">\n\t\t\t\t<div class=\"elementor-widget-container\">\n\t\t\t\t\t\t\t<ul class=\"elementor-icon-list-items elementor-inline-items\">\n\t\t\t\t\t\t\t<li class=\"elementor-icon-list-item elementor-inline-item\">\n\t\t\t\t\t\t\t\t\t\t<span class=\"elementor-icon-list-text\">+90 537 062 23 23<\/span>\n\t\t\t\t\t\t\t\t\t<\/li>\n\t\t\t\t\t\t\t\t<li class=\"elementor-icon-list-item elementor-inline-item\">\n\t\t\t\t\t\t\t\t\t\t<span class=\"elementor-icon-list-text\">\u00c7amtepe Mah. Mahmut Tevfik Atay Bulvar\u0131 4\/A Blok No :Z-18<\/span>\n\t\t\t\t\t\t\t\t\t<\/li>\n\t\t\t\t\t\t\t\t<li class=\"elementor-icon-list-item elementor-inline-item\">\n\t\t\t\t\t\t\t\t\t\t<span class=\"elementor-icon-list-text\">Pzt-Cuma 08:30 - 17:00<\/span>\n\t\t\t\t\t\t\t\t\t<\/li>\n\t\t\t\t\t\t<\/ul>\n\t\t\t\t\t\t<\/div>\n\t\t\t\t<\/div>\n\t\t\t\t<\/div>\n\t\t<div class=\"elementor-element elementor-element-7e41eb2 e-con-full e-flex e-con e-child\" data-id=\"7e41eb2\" data-element_type=\"container\" data-e-type=\"container\">\n\t\t\t\t<div class=\"elementor-element elementor-element-3bbffb81 e-grid-align-right e-grid-align-tablet-right e-grid-align-mobile-center elementor-widget-mobile__width-inherit elementor-shape-rounded elementor-grid-0 elementor-widget elementor-widget-social-icons\" data-id=\"3bbffb81\" data-element_type=\"widget\" data-e-type=\"widget\" data-widget_type=\"social-icons.default\">\n\t\t\t\t<div class=\"elementor-widget-container\">\n\t\t\t\t\t\t\t<div class=\"elementor-social-icons-wrapper elementor-grid\" role=\"list\">\n\t\t\t\t\t\t\t<span class=\"elementor-grid-item\" role=\"listitem\">\n\t\t\t\t\t<a class=\"elementor-icon elementor-social-icon elementor-social-icon-facebook-f elementor-repeater-item-3f1b7ac\" target=\"_blank\">\n\t\t\t\t\t\t<span class=\"elementor-screen-only\">Facebook-f<\/span>\n\t\t\t\t\t\t<svg aria-hidden=\"true\" class=\"e-font-icon-svg e-fab-facebook-f\" viewBox=\"0 0 320 512\" xmlns=\"http:\/\/www.w3.org\/2000\/svg\"><path d=\"M279.14 288l14.22-92.66h-88.91v-60.13c0-25.35 12.42-50.06 52.24-50.06h40.42V6.26S260.43 0 225.36 0c-73.22 0-121.08 44.38-121.08 124.72v70.62H22.89V288h81.39v224h100.17V288z\"><\/path><\/svg>\t\t\t\t\t<\/a>\n\t\t\t\t<\/span>\n\t\t\t\t\t\t\t<span class=\"elementor-grid-item\" role=\"listitem\">\n\t\t\t\t\t<a class=\"elementor-icon elementor-social-icon elementor-social-icon- elementor-repeater-item-5c0ce3c\" target=\"_blank\">\n\t\t\t\t\t\t<span class=\"elementor-screen-only\"><\/span>\n\t\t\t\t\t\t\t\t\t\t\t<\/a>\n\t\t\t\t<\/span>\n\t\t\t\t\t\t\t<span class=\"elementor-grid-item\" role=\"listitem\">\n\t\t\t\t\t<a class=\"elementor-icon elementor-social-icon elementor-social-icon-twitter elementor-repeater-item-828f132\" target=\"_blank\">\n\t\t\t\t\t\t<span class=\"elementor-screen-only\">Twitter<\/span>\n\t\t\t\t\t\t<svg aria-hidden=\"true\" class=\"e-font-icon-svg e-fab-twitter\" viewBox=\"0 0 512 512\" xmlns=\"http:\/\/www.w3.org\/2000\/svg\"><path d=\"M459.37 151.716c.325 4.548.325 9.097.325 13.645 0 138.72-105.583 298.558-298.558 298.558-59.452 0-114.68-17.219-161.137-47.106 8.447.974 16.568 1.299 25.34 1.299 49.055 0 94.213-16.568 130.274-44.832-46.132-.975-84.792-31.188-98.112-72.772 6.498.974 12.995 1.624 19.818 1.624 9.421 0 18.843-1.3 27.614-3.573-48.081-9.747-84.143-51.98-84.143-102.985v-1.299c13.969 7.797 30.214 12.67 47.431 13.319-28.264-18.843-46.781-51.005-46.781-87.391 0-19.492 5.197-37.36 14.294-52.954 51.655 63.675 129.3 105.258 216.365 109.807-1.624-7.797-2.599-15.918-2.599-24.04 0-57.828 46.782-104.934 104.934-104.934 30.213 0 57.502 12.67 76.67 33.137 23.715-4.548 46.456-13.32 66.599-25.34-7.798 24.366-24.366 44.833-46.132 57.827 21.117-2.273 41.584-8.122 60.426-16.243-14.292 20.791-32.161 39.308-52.628 54.253z\"><\/path><\/svg>\t\t\t\t\t<\/a>\n\t\t\t\t<\/span>\n\t\t\t\t\t<\/div>\n\t\t\t\t\t\t<\/div>\n\t\t\t\t<\/div>\n\t\t\t\t<\/div>\n\t\t\t\t<\/footer>\n\t\t<div class=\"elementor-element elementor-element-1d11b3aa e-flex e-con-boxed e-con e-parent\" data-id=\"1d11b3aa\" data-element_type=\"container\" data-e-type=\"container\" data-settings=\"{&quot;background_background&quot;:&quot;classic&quot;}\">\n\t\t\t\t\t<div class=\"e-con-inner\">\n\t\t\t\t<div class=\"elementor-element elementor-element-6ab7bf73 elementor-widget elementor-widget-heading\" data-id=\"6ab7bf73\" data-element_type=\"widget\" data-e-type=\"widget\" data-widget_type=\"heading.default\">\n\t\t\t\t<div class=\"elementor-widget-container\">\n\t\t\t\t\t<p class=\"elementor-heading-title elementor-size-default\">\u00a9 2025 T\u00fcm haklar\u0131 sakl\u0131d\u0131r.<\/p>\t\t\t\t<\/div>\n\t\t\t\t<\/div>\n\t\t\t\t\t<\/div>\n\t\t\t\t<\/div>\n\t\t\t\t<\/div>\n\t\t","protected":false},"excerpt":{"rendered":"<p>Dijital Parkur- Online E\u011fitim Platformu Dijital Parkur, Doru Yaz\u0131l\u0131m ve Dan\u0131\u015fmanl\u0131k A.\u015e. taraf\u0131ndan, s\u0131navlara haz\u0131rlanan \u00f6\u011frencilerin e\u011fitim s\u00fcre\u00e7lerini kolayla\u015ft\u0131rmak ve onlara en iyi \u00f6\u011frenme deneyimini sunmak amac\u0131yla tasarlanm\u0131\u015f yenilik\u00e7i bir online e\u011fitim platformudur. E\u011fitimde f\u0131rsat e\u015fitli\u011fini art\u0131rmay\u0131 hedefleyen Dijital Parkur, kullan\u0131c\u0131 dostu bir ara y\u00fcz, kapsaml\u0131 i\u00e7erik, ve en g\u00fcncel teknolojilerle desteklenen \u00f6zellikleriyle dikkat \u00e7ekiyor&#8230;.<\/p>\n","protected":false},"author":1,"featured_media":0,"parent":0,"menu_order":0,"comment_status":"closed","ping_status":"closed","template":"","meta":{"_kad_blocks_custom_css":"","_kad_blocks_head_custom_js":"","_kad_blocks_body_custom_js":"","_kad_blocks_footer_custom_js":"","_kadence_starter_templates_imported_post":false,"_kad_post_transparent":"","_kad_post_title":"hide","_kad_post_layout":"fullwidth","_kad_post_sidebar_id":"","_kad_post_content_style":"unboxed","_kad_post_vertical_padding":"hide","_kad_post_feature":"hide","_kad_post_feature_position":"","_kad_post_header":false,"_kad_post_footer":false,"footnotes":""},"class_list":["post-459","page","type-page","status-publish","hentry"],"taxonomy_info":[],"featured_image_src_large":false,"author_info":{"display_name":"admin","author_link":"https:\/\/doruyazilim.com\/author\/doruyazilim"},"comment_info":0,"_links":{"self":[{"href":"https:\/\/doruyazilim.com\/index.php?rest_route=\/wp\/v2\/pages\/459","targetHints":{"allow":["GET"]}}],"collection":[{"href":"https:\/\/doruyazilim.com\/index.php?rest_route=\/wp\/v2\/pages"}],"about":[{"href":"https:\/\/doruyazilim.com\/index.php?rest_route=\/wp\/v2\/types\/page"}],"author":[{"embeddable":true,"href":"https:\/\/doruyazilim.com\/index.php?rest_route=\/wp\/v2\/users\/1"}],"replies":[{"embeddable":true,"href":"https:\/\/doruyazilim.com\/index.php?rest_route=%2Fwp%2Fv2%2Fcomments&post=459"}],"version-history":[{"count":35,"href":"https:\/\/doruyazilim.com\/index.php?rest_route=\/wp\/v2\/pages\/459\/revisions"}],"predecessor-version":[{"id":554,"href":"https:\/\/doruyazilim.com\/index.php?rest_route=\/wp\/v2\/pages\/459\/revisions\/554"}],"wp:attachment":[{"href":"https:\/\/doruyazilim.com\/index.php?rest_route=%2Fwp%2Fv2%2Fmedia&parent=459"}],"curies":[{"name":"wp","href":"https:\/\/api.w.org\/{rel}","templated":true}]}}