{"id":13,"date":"2024-12-11T20:44:45","date_gmt":"2024-12-11T20:44:45","guid":{"rendered":"https:\/\/doruyazilim.com\/?page_id=13"},"modified":"2025-01-04T17:56:16","modified_gmt":"2025-01-04T17:56:16","slug":"projelerimiz","status":"publish","type":"page","link":"https:\/\/doruyazilim.com\/?page_id=13","title":{"rendered":"\u00dcr\u00fcn ve Hizmetler"},"content":{"rendered":"\t\t<div data-elementor-type=\"wp-page\" data-elementor-id=\"13\" class=\"elementor elementor-13\">\n\t\t\t\t<div class=\"elementor-element elementor-element-2c55b33 e-flex e-con-boxed e-con e-parent\" data-id=\"2c55b33\" data-element_type=\"container\" data-e-type=\"container\">\n\t\t\t\t\t<div class=\"e-con-inner\">\n\t\t\t\t\t<\/div>\n\t\t\t\t<\/div>\n\t\t<div class=\"elementor-element elementor-element-87a703e e-flex e-con-boxed e-con e-parent\" data-id=\"87a703e\" data-element_type=\"container\" data-e-type=\"container\">\n\t\t\t\t\t<div class=\"e-con-inner\">\n\t\t\t\t<div class=\"elementor-element elementor-element-8363011 elementor-widget elementor-widget-heading\" data-id=\"8363011\" data-element_type=\"widget\" data-e-type=\"widget\" data-widget_type=\"heading.default\">\n\t\t\t\t<div class=\"elementor-widget-container\">\n\t\t\t\t\t<h2 class=\"elementor-heading-title elementor-size-default\">H\u0130ZMETLER\u0130M\u0130Z<\/h2>\t\t\t\t<\/div>\n\t\t\t\t<\/div>\n\t\t\t\t\t<\/div>\n\t\t\t\t<\/div>\n\t\t<div class=\"elementor-element elementor-element-d698ccd e-flex e-con-boxed e-con e-parent\" data-id=\"d698ccd\" data-element_type=\"container\" data-e-type=\"container\">\n\t\t\t\t\t<div class=\"e-con-inner\">\n\t\t<div class=\"elementor-element elementor-element-3380848 e-con-full e-flex e-con e-child\" data-id=\"3380848\" data-element_type=\"container\" data-e-type=\"container\">\n\t\t\t\t<div class=\"elementor-element elementor-element-d204c6e elementor-widget elementor-widget-text-editor\" data-id=\"d204c6e\" data-element_type=\"widget\" data-e-type=\"widget\" data-widget_type=\"text-editor.default\">\n\t\t\t\t<div class=\"elementor-widget-container\">\n\t\t\t\t\t\t\t\t\t<p><strong>1- Dijital Parkur: Gelece\u011fin E\u011fitim Platformu<\/strong><\/p><p>Dijital Parkur, Doru Yaz\u0131l\u0131m ve Dan\u0131\u015fmanl\u0131k A.\u015e. taraf\u0131ndan, s\u0131navlara haz\u0131rlanan \u00f6\u011frencilerin e\u011fitim s\u00fcre\u00e7lerini kolayla\u015ft\u0131rmak ve onlara en iyi \u00f6\u011frenme deneyimini sunmak amac\u0131yla tasarlanm\u0131\u015f yenilik\u00e7i bir online e\u011fitim platformudur.<\/p><p>E\u011fitimde f\u0131rsat e\u015fitli\u011fini art\u0131rmay\u0131 hedefleyen Dijital Parkur, kullan\u0131c\u0131 dostu bir ara y\u00fcz, kapsaml\u0131 i\u00e7erik, ve en g\u00fcncel teknolojilerle desteklenen \u00f6zellikleriyle dikkat \u00e7ekiyor. Platformumuz, yaln\u0131zca bilgi aktaran bir ara\u00e7 de\u011fil; ayn\u0131 zamanda \u00f6\u011frencilere yol g\u00f6steren ve geli\u015fimlerini s\u00fcrekli destekleyen bir rehberdir.<\/p><p><strong style=\"color: var(--global-palette3); font-family: var(--global-heading-font-family); font-size: 24px; text-align: var(--text-align); background-color: transparent;\">Hedefimiz: Her \u00d6\u011frenciye Ula\u015fmak<\/strong><\/p><p>Dijital Parkur, yaln\u0131zca b\u00fcy\u00fck \u015fehirlerde de\u011fil, e\u011fitim kaynaklar\u0131na eri\u015fimi k\u0131s\u0131tl\u0131 olan b\u00f6lgelerdeki \u00f6\u011frenciler i\u00e7in de e\u015fit f\u0131rsatlar sunmay\u0131 hedefliyor. Bu do\u011frultuda, platformumuzu s\u00fcrekli geli\u015ftirerek daha geni\u015f bir kitleye ula\u015fmay\u0131 ve e\u011fitimin s\u0131n\u0131rlar\u0131n\u0131 kald\u0131rmay\u0131 ama\u00e7l\u0131yoruz.<\/p><h3 style=\"font-family: var(--global-heading-font-family);\">\u00a0<\/h3>\t\t\t\t\t\t\t\t<\/div>\n\t\t\t\t<\/div>\n\t\t\t\t<\/div>\n\t\t<div class=\"elementor-element elementor-element-c6fd524 e-con-full e-flex e-con e-child\" data-id=\"c6fd524\" data-element_type=\"container\" data-e-type=\"container\">\n\t\t\t\t<div class=\"elementor-element elementor-element-55abff2 elementor-widget elementor-widget-image\" data-id=\"55abff2\" data-element_type=\"widget\" data-e-type=\"widget\" data-widget_type=\"image.default\">\n\t\t\t\t<div class=\"elementor-widget-container\">\n\t\t\t\t\t\t\t\t\t\t\t\t\t\t\t<img fetchpriority=\"high\" decoding=\"async\" width=\"520\" height=\"574\" src=\"https:\/\/doruyazilim.com\/wp-content\/uploads\/2024\/12\/4-2.png\" class=\"attachment-large size-large wp-image-118\" alt=\"\" srcset=\"https:\/\/doruyazilim.com\/wp-content\/uploads\/2024\/12\/4-2.png 520w, https:\/\/doruyazilim.com\/wp-content\/uploads\/2024\/12\/4-2-272x300.png 272w\" sizes=\"(max-width: 520px) 100vw, 520px\" \/>\t\t\t\t\t\t\t\t\t\t\t\t\t\t\t<\/div>\n\t\t\t\t<\/div>\n\t\t\t\t<\/div>\n\t\t\t\t\t<\/div>\n\t\t\t\t<\/div>\n\t\t<div class=\"elementor-element elementor-element-ea8d1ba e-flex e-con-boxed e-con e-parent\" data-id=\"ea8d1ba\" data-element_type=\"container\" data-e-type=\"container\">\n\t\t\t\t\t<div class=\"e-con-inner\">\n\t\t\t\t<div class=\"elementor-element elementor-element-104a6b9 elementor-widget-divider--view-line elementor-widget elementor-widget-divider\" data-id=\"104a6b9\" data-element_type=\"widget\" data-e-type=\"widget\" data-widget_type=\"divider.default\">\n\t\t\t\t<div class=\"elementor-widget-container\">\n\t\t\t\t\t\t\t<div class=\"elementor-divider\">\n\t\t\t<span class=\"elementor-divider-separator\">\n\t\t\t\t\t\t<\/span>\n\t\t<\/div>\n\t\t\t\t\t\t<\/div>\n\t\t\t\t<\/div>\n\t\t\t\t<div class=\"elementor-element elementor-element-0f1b983 elementor-widget elementor-widget-text-editor\" data-id=\"0f1b983\" data-element_type=\"widget\" data-e-type=\"widget\" data-widget_type=\"text-editor.default\">\n\t\t\t\t<div class=\"elementor-widget-container\">\n\t\t\t\t\t\t\t\t\t<h3><strong>Dijital Parkur\u2019un Sa\u011flad\u0131\u011f\u0131 Avantajlar<\/strong><\/h3>\n<ol>\n<li><strong>Kapsaml\u0131 ve G\u00fcncel \u0130\u00e7erik<\/strong><\/li>\n<\/ol>\n<ul>\n<li>T\u00fcm dersler i\u00e7in m\u00fcfredata uyumlu konu anlat\u0131mlar\u0131 ve \u00f6zenle haz\u0131rlanm\u0131\u015f soru bankas\u0131.<\/li>\n<li>Her seviyeye uygun, temel kavramlardan ileri seviyeye kadar uzanan bir i\u00e7erik havuzu.<\/li>\n<\/ul>\n<ol start=\"2\">\n<li><strong>Ak\u0131ll\u0131 Ki\u015fiselle\u015ftirme<\/strong><\/li>\n<\/ol>\n<ul>\n<li>Yapay zeka destekli analizlerle her \u00f6\u011frencinin g\u00fc\u00e7l\u00fc ve zay\u0131f y\u00f6nlerini belirler.<\/li>\n<li>\u00d6\u011frencinin ihtiya\u00e7lar\u0131na \u00f6zel ki\u015fiselle\u015ftirilmi\u015f \u00e7al\u0131\u015fma planlar\u0131 sunar.<\/li>\n<\/ul>\n<ol start=\"3\">\n<li><strong>Deneme S\u0131navlar\u0131 ve Performans Takibi<\/strong><\/li>\n<\/ol>\n<ul>\n<li>Ger\u00e7ek s\u0131nav format\u0131nda haz\u0131rlanan, stres y\u00f6netimi ve zamanlama becerilerini geli\u015ftiren deneme s\u0131navlar\u0131.<\/li>\n<li>\u00d6\u011frencilerin ilerlemesini detayl\u0131 raporlarla g\u00f6steren ak\u0131ll\u0131 analiz sistemi.<\/li>\n<\/ul>\n<ol start=\"4\">\n<li><strong>Etkile\u015fimli \u00d6\u011frenme Deneyimi<\/strong><\/li>\n<\/ol>\n<ul>\n<li>Videolu ders anlat\u0131mlar\u0131, interaktif testler ve oyunla\u015ft\u0131r\u0131lm\u0131\u015f \u00f6\u011frenme \u00f6zellikleriyle dikkat \u00e7eker.<\/li>\n<li>\u00d6\u011frencilerin motivasyonunu art\u0131ran rozet ve \u00f6d\u00fcl sistemleri.<\/li>\n<\/ul>\n<ol start=\"5\">\n<li><strong>Her Yerden Eri\u015fim<\/strong><\/li>\n<\/ol>\n<ul>\n<li>Mobil ve web uygulamalar\u0131 sayesinde her yerden, her cihazla \u00f6\u011frenme imkan\u0131.<\/li>\n<li>\u00d6\u011frencilerin bireysel \u00f6\u011frenme h\u0131zlar\u0131na uyum sa\u011flayan esnek bir platform.<\/li>\n<\/ul>\n<h3><strong>E\u011fitimde Gelece\u011fi \u015eekillendiriyoruz<\/strong><\/h3>\n<p>Dijital Parkur, \u00f6\u011frencilere sadece s\u0131navlara haz\u0131rlanmak i\u00e7in de\u011fil, ayn\u0131 zamanda \u00f6\u011frenme becerilerini geli\u015ftirmek ve kendilerini ke\u015ffetmek i\u00e7in de ilham veriyor. Her ad\u0131mda, gen\u00e7lerin potansiyellerini en \u00fcst d\u00fczeye \u00e7\u0131karmalar\u0131n\u0131 sa\u011flamak i\u00e7in buraday\u0131z.<span style=\"color: var(--global-palette3); font-family: var(--global-heading-font-family); font-size: 24px; font-weight: 700; text-align: var(--text-align); background-color: transparent;\">&nbsp;<\/span><\/p>\t\t\t\t\t\t\t\t<\/div>\n\t\t\t\t<\/div>\n\t\t\t\t<div class=\"elementor-element elementor-element-cf43196 elementor-widget-divider--view-line elementor-widget elementor-widget-divider\" data-id=\"cf43196\" data-element_type=\"widget\" data-e-type=\"widget\" data-widget_type=\"divider.default\">\n\t\t\t\t<div class=\"elementor-widget-container\">\n\t\t\t\t\t\t\t<div class=\"elementor-divider\">\n\t\t\t<span class=\"elementor-divider-separator\">\n\t\t\t\t\t\t<\/span>\n\t\t<\/div>\n\t\t\t\t\t\t<\/div>\n\t\t\t\t<\/div>\n\t\t\t\t\t<\/div>\n\t\t\t\t<\/div>\n\t\t<div class=\"elementor-element elementor-element-9156cf6 e-flex e-con-boxed e-con e-parent\" data-id=\"9156cf6\" data-element_type=\"container\" data-e-type=\"container\">\n\t\t\t\t\t<div class=\"e-con-inner\">\n\t\t<div class=\"elementor-element elementor-element-c7aaa0d e-con-full e-flex e-con e-child\" data-id=\"c7aaa0d\" data-element_type=\"container\" data-e-type=\"container\">\n\t\t\t\t<div class=\"elementor-element elementor-element-60159b1 elementor-widget elementor-widget-text-editor\" data-id=\"60159b1\" data-element_type=\"widget\" data-e-type=\"widget\" data-widget_type=\"text-editor.default\">\n\t\t\t\t<div class=\"elementor-widget-container\">\n\t\t\t\t\t\t\t\t\t<p><strong>2- Siber G\u00fcvenlik Hizmetlerimiz<\/strong><\/p><p>Doru Yaz\u0131l\u0131m ve Dan\u0131\u015fmanl\u0131k A.\u015e. olarak, dijital d\u00fcnyan\u0131n h\u0131zla geli\u015fmesiyle birlikte artan siber tehditlere kar\u015f\u0131 g\u00fc\u00e7l\u00fc ve etkili \u00e7\u00f6z\u00fcmler sunuyoruz. \u0130\u015fletmelerin ve bireylerin dijital varl\u0131klar\u0131n\u0131 koruma misyonuyla, g\u00fcvenilir siber g\u00fcvenlik hizmetleri geli\u015ftirmeye odaklan\u0131yoruz.<\/p><p>Hizmetlerimiz aras\u0131nda:<\/p><ul><li><strong>A\u011f G\u00fcvenli\u011fi<\/strong>: \u015eirket i\u00e7i ve d\u0131\u015f\u0131 a\u011f trafi\u011finizi g\u00fcvence alt\u0131na alarak veri ihlallerini \u00f6nl\u00fcyoruz.<\/li><li><strong>Veri Koruma<\/strong>: Hassas verilerinizi \u015fifreleme ve yedekleme gibi y\u00f6ntemlerle g\u00fcvence alt\u0131na al\u0131yoruz.<\/li><li><strong>Siber Tehdit Analizi<\/strong>: Potansiyel riskleri tespit ederek \u00f6nleyici \u00e7\u00f6z\u00fcmler sunuyoruz.<\/li><li><strong>Siber Fark\u0131ndal\u0131k E\u011fitimleri<\/strong>: \u00c7al\u0131\u015fanlar\u0131n\u0131z\u0131n siber tehditlere kar\u015f\u0131 bilin\u00e7lenmesi i\u00e7in e\u011fitim programlar\u0131 d\u00fczenliyoruz.<\/li><\/ul><p>Her \u00e7\u00f6z\u00fcm\u00fcm\u00fcz, en g\u00fcncel teknolojiler ve global standartlar \u0131\u015f\u0131\u011f\u0131nda tasarlanm\u0131\u015ft\u0131r. Amac\u0131m\u0131z, sadece olas\u0131 tehditlere kar\u015f\u0131 savunma sa\u011flamak de\u011fil, ayn\u0131 zamanda kullan\u0131c\u0131lar\u0131m\u0131z\u0131 bilin\u00e7lendirerek proaktif bir g\u00fcvenlik anlay\u0131\u015f\u0131 olu\u015fturmakt\u0131r.<\/p>\t\t\t\t\t\t\t\t<\/div>\n\t\t\t\t<\/div>\n\t\t\t\t<\/div>\n\t\t<div class=\"elementor-element elementor-element-48f1283 e-con-full e-flex e-con e-child\" data-id=\"48f1283\" data-element_type=\"container\" data-e-type=\"container\">\n\t\t\t\t<div class=\"elementor-element elementor-element-ab80d24 elementor-widget elementor-widget-image\" data-id=\"ab80d24\" data-element_type=\"widget\" data-e-type=\"widget\" data-widget_type=\"image.default\">\n\t\t\t\t<div class=\"elementor-widget-container\">\n\t\t\t\t\t\t\t\t\t\t\t\t\t\t\t<img decoding=\"async\" width=\"520\" height=\"574\" src=\"https:\/\/doruyazilim.com\/wp-content\/uploads\/2024\/12\/1-2.png\" class=\"attachment-2048x2048 size-2048x2048 wp-image-115\" alt=\"\" srcset=\"https:\/\/doruyazilim.com\/wp-content\/uploads\/2024\/12\/1-2.png 520w, https:\/\/doruyazilim.com\/wp-content\/uploads\/2024\/12\/1-2-272x300.png 272w\" sizes=\"(max-width: 520px) 100vw, 520px\" \/>\t\t\t\t\t\t\t\t\t\t\t\t\t\t\t<\/div>\n\t\t\t\t<\/div>\n\t\t\t\t<\/div>\n\t\t\t\t\t<\/div>\n\t\t\t\t<\/div>\n\t\t<div class=\"elementor-element elementor-element-1f2b084 e-flex e-con-boxed e-con e-parent\" data-id=\"1f2b084\" data-element_type=\"container\" data-e-type=\"container\">\n\t\t\t\t\t<div class=\"e-con-inner\">\n\t\t<div class=\"elementor-element elementor-element-1a3622a e-con-full e-flex e-con e-child\" data-id=\"1a3622a\" data-element_type=\"container\" data-e-type=\"container\">\n\t\t\t\t<div class=\"elementor-element elementor-element-b6989b2 elementor-widget elementor-widget-text-editor\" data-id=\"b6989b2\" data-element_type=\"widget\" data-e-type=\"widget\" data-widget_type=\"text-editor.default\">\n\t\t\t\t<div class=\"elementor-widget-container\">\n\t\t\t\t\t\t\t\t\t<p><strong>3- Denetim Cepte: Mobil ERP \u00c7\u00f6z\u00fcm\u00fcn\u00fcz<\/strong><\/p><p>Doru Yaz\u0131l\u0131m ve Dan\u0131\u015fmanl\u0131k A.\u015e. olarak i\u015fletmelerin dijital d\u00f6n\u00fc\u015f\u00fcm s\u00fcre\u00e7lerine katk\u0131da bulunmak amac\u0131yla geli\u015ftirdi\u011fimiz <strong>Denetim Cepte<\/strong>, mobil cihazlarla eri\u015filebilen modern bir ERP \u00e7\u00f6z\u00fcm\u00fcd\u00fcr. \u0130\u015fletmelerin operasyonlar\u0131n\u0131 daha etkili bir \u015fekilde y\u00f6netmelerini sa\u011flamak i\u00e7in tasarlanan bu yenilik\u00e7i platform, hem k\u00fc\u00e7\u00fck ve orta \u00f6l\u00e7ekli i\u015fletmelere (KOB\u0130) hem de b\u00fcy\u00fck \u015firketlere hitap etmektedir.<\/p><h3>\u00a0<\/h3>\t\t\t\t\t\t\t\t<\/div>\n\t\t\t\t<\/div>\n\t\t\t\t<\/div>\n\t\t<div class=\"elementor-element elementor-element-cd8e779 e-con-full e-flex e-con e-child\" data-id=\"cd8e779\" data-element_type=\"container\" data-e-type=\"container\">\n\t\t\t\t<div class=\"elementor-element elementor-element-165c3c5 elementor-widget elementor-widget-image\" data-id=\"165c3c5\" data-element_type=\"widget\" data-e-type=\"widget\" data-widget_type=\"image.default\">\n\t\t\t\t<div class=\"elementor-widget-container\">\n\t\t\t\t\t\t\t\t\t\t\t\t\t\t\t<img decoding=\"async\" width=\"1024\" height=\"512\" src=\"https:\/\/doruyazilim.com\/wp-content\/uploads\/2024\/12\/5-1-1024x512.png\" class=\"attachment-large size-large wp-image-85\" alt=\"\" srcset=\"https:\/\/doruyazilim.com\/wp-content\/uploads\/2024\/12\/5-1-1024x512.png 1024w, https:\/\/doruyazilim.com\/wp-content\/uploads\/2024\/12\/5-1-768x384.png 768w\" sizes=\"(max-width: 1024px) 100vw, 1024px\" \/>\t\t\t\t\t\t\t\t\t\t\t\t\t\t\t<\/div>\n\t\t\t\t<\/div>\n\t\t\t\t<\/div>\n\t\t\t\t\t<\/div>\n\t\t\t\t<\/div>\n\t\t<div class=\"elementor-element elementor-element-90bf14c e-flex e-con-boxed e-con e-parent\" data-id=\"90bf14c\" data-element_type=\"container\" data-e-type=\"container\">\n\t\t\t\t\t<div class=\"e-con-inner\">\n\t\t\t\t<div class=\"elementor-element elementor-element-c2a81ad elementor-widget elementor-widget-text-editor\" data-id=\"c2a81ad\" data-element_type=\"widget\" data-e-type=\"widget\" data-widget_type=\"text-editor.default\">\n\t\t\t\t<div class=\"elementor-widget-container\">\n\t\t\t\t\t\t\t\t\t<h3><strong>Denetim Cepte\u2019nin Avantajlar\u0131<\/strong><\/h3><ol><li><strong>Her Yerden Eri\u015fim<\/strong><\/li><\/ol><ul><li>Denetim Cepte ile i\u015fletmenizin t\u00fcm operasyonlar\u0131na diledi\u011finiz zaman, diledi\u011finiz yerden kolayca eri\u015febilirsiniz.<\/li><li>Web ve mobil uygulamalarla %100 esneklik sa\u011flar.<\/li><\/ul><ol start=\"2\"><li><strong>Mod\u00fcler Yap\u0131<\/strong><\/li><\/ol><ul><li>\u0130\u015fletmenizin ihtiya\u00e7lar\u0131na g\u00f6re \u00f6zelle\u015ftirilebilen farkl\u0131 mod\u00fcller sunar:<ul><li><strong>Nakit Y\u00f6netimi<\/strong>: Gelir-gider takibi ve b\u00fct\u00e7e planlamas\u0131.<\/li><li><strong>Stok Y\u00f6netimi<\/strong>: \u00dcr\u00fcnlerinizi d\u00fczenli ve g\u00fcncel bir \u015fekilde takip edin.<\/li><li><strong>Bor\u00e7 ve Alacak Y\u00f6netimi<\/strong>: Tahsilat ve \u00f6deme s\u00fcre\u00e7lerini kontrol alt\u0131nda tutun.<\/li><li><strong>Finansal Raporlama<\/strong>: \u0130\u015fletmenizin mali durumunu detayl\u0131 analizlerle g\u00f6r\u00fcnt\u00fcleyin.<\/li><li><strong>Kredi Takibi<\/strong>: Banka kredilerinizi ve finansal y\u00fck\u00fcml\u00fcl\u00fcklerinizi kolayca y\u00f6netin.<\/li><\/ul><\/li><\/ul><ol start=\"3\"><li><strong>Kullan\u0131c\u0131 Dostu Tasar\u0131m<\/strong><\/li><\/ol><ul><li>Basit ve anla\u015f\u0131l\u0131r ara y\u00fcz sayesinde t\u00fcm kullan\u0131c\u0131 seviyelerine hitap eder.<\/li><li>E\u011fitim gerektirmeyen, h\u0131zl\u0131 \u00f6\u011frenilebilir bir sistem sunar.<\/li><\/ul><ol start=\"4\"><li><strong>Ger\u00e7ek Zamanl\u0131 Veri Y\u00f6netimi<\/strong><\/li><\/ol><ul><li>T\u00fcm i\u015flemleri anl\u0131k olarak g\u00f6r\u00fcnt\u00fcleme ve y\u00f6netme imkan\u0131 sa\u011flar.<\/li><li>\u0130\u015fletmenizin verimlili\u011fini art\u0131ran h\u0131zl\u0131 ve g\u00fcvenilir bir altyap\u0131 sunar.<\/li><\/ul><ol start=\"5\"><li><strong>G\u00fc\u00e7l\u00fc G\u00fcvenlik Alt Yap\u0131s\u0131<\/strong><\/li><\/ol><ul><li>Veri g\u00fcvenli\u011finiz i\u00e7in en g\u00fcncel siber g\u00fcvenlik standartlar\u0131yla korunur.<\/li><li>Hassas bilgilerinizin yaln\u0131zca yetkililer taraf\u0131ndan eri\u015filebilir olmas\u0131n\u0131 garanti eder.<\/li><\/ul><ol start=\"6\"><li><strong>Raporlama ve Analitik Ara\u00e7lar<\/strong><\/li><\/ol><ul><li>Otomatik raporlarla i\u015fletmenizin performans\u0131n\u0131 izleyebilir ve stratejik kararlar alabilirsiniz.<\/li><li>Grafikler ve g\u00f6rsellerle zenginle\u015ftirilmi\u015f veri analizleri sunar.<\/li><\/ul><h3><strong>Kimler i\u00e7in Tasarland\u0131?<\/strong><\/h3><p>Denetim Cepte, \u00f6zellikle s\u00fcre\u00e7lerini mobil cihazlar \u00fczerinden takip etmek isteyen i\u015fletme sahipleri ve y\u00f6neticiler i\u00e7in ideal bir \u00e7\u00f6z\u00fcmd\u00fcr. \u0130\u015fletme b\u00fcy\u00fckl\u00fc\u011f\u00fc fark etmeksizin, herkes i\u00e7in kullan\u0131c\u0131 dostu ve etkili bir \u00e7\u00f6z\u00fcm sunmay\u0131 hedefliyoruz.<\/p><h3><strong>Neden Denetim Cepte?<\/strong><\/h3><p>Denetim Cepte, yaln\u0131zca bir ERP yaz\u0131l\u0131m\u0131 de\u011fil; i\u015fletmenizin her ad\u0131mda yan\u0131n\u0131zda olan, y\u00f6netimi kolayla\u015ft\u0131ran ve verimlili\u011fi art\u0131ran bir dijital asistan. Modern i\u015f d\u00fcnyas\u0131n\u0131n ihtiya\u00e7lar\u0131n\u0131 kar\u015f\u0131layacak \u015fekilde tasarlanan bu \u00e7\u00f6z\u00fcmle, i\u015f s\u00fcre\u00e7lerinizi daha verimli ve d\u00fczenli hale getirin.<\/p>\t\t\t\t\t\t\t\t<\/div>\n\t\t\t\t<\/div>\n\t\t\t\t\t<\/div>\n\t\t\t\t<\/div>\n\t\t<footer class=\"elementor-element elementor-element-f04f841 e-con-full e-flex e-con e-parent\" data-id=\"f04f841\" data-element_type=\"container\" data-e-type=\"container\">\n\t\t<div class=\"elementor-element elementor-element-52df7d5d e-con-full e-flex e-con e-child\" data-id=\"52df7d5d\" data-element_type=\"container\" data-e-type=\"container\">\n\t\t\t\t<\/div>\n\t\t<div class=\"elementor-element elementor-element-46667455 e-con-full e-flex e-con e-child\" data-id=\"46667455\" data-element_type=\"container\" data-e-type=\"container\">\n\t\t\t\t<div class=\"elementor-element elementor-element-6365d7b0 elementor-icon-list--layout-inline elementor-tablet-align-center elementor-align-center elementor-list-item-link-full_width elementor-widget elementor-widget-icon-list\" data-id=\"6365d7b0\" data-element_type=\"widget\" data-e-type=\"widget\" data-widget_type=\"icon-list.default\">\n\t\t\t\t<div class=\"elementor-widget-container\">\n\t\t\t\t\t\t\t<ul class=\"elementor-icon-list-items elementor-inline-items\">\n\t\t\t\t\t\t\t<li class=\"elementor-icon-list-item elementor-inline-item\">\n\t\t\t\t\t\t\t\t\t\t<span class=\"elementor-icon-list-text\">+90 537 062 23 23<\/span>\n\t\t\t\t\t\t\t\t\t<\/li>\n\t\t\t\t\t\t\t\t<li class=\"elementor-icon-list-item elementor-inline-item\">\n\t\t\t\t\t\t\t\t\t\t<span class=\"elementor-icon-list-text\">\u00c7amtepe Mah. Mahmut Tevfik Atay Bulvar\u0131 4\/A Blok No :Z-18<\/span>\n\t\t\t\t\t\t\t\t\t<\/li>\n\t\t\t\t\t\t\t\t<li class=\"elementor-icon-list-item elementor-inline-item\">\n\t\t\t\t\t\t\t\t\t\t<span class=\"elementor-icon-list-text\">Pzt-Cuma 08:30 - 17:00<\/span>\n\t\t\t\t\t\t\t\t\t<\/li>\n\t\t\t\t\t\t<\/ul>\n\t\t\t\t\t\t<\/div>\n\t\t\t\t<\/div>\n\t\t\t\t<\/div>\n\t\t<div class=\"elementor-element elementor-element-74916cb3 e-con-full e-flex e-con e-child\" data-id=\"74916cb3\" data-element_type=\"container\" data-e-type=\"container\">\n\t\t\t\t<\/div>\n\t\t\t\t<\/footer>\n\t\t<div class=\"elementor-element elementor-element-3ea8a118 e-flex e-con-boxed e-con e-parent\" data-id=\"3ea8a118\" data-element_type=\"container\" data-e-type=\"container\" data-settings=\"{&quot;background_background&quot;:&quot;classic&quot;}\">\n\t\t\t\t\t<div class=\"e-con-inner\">\n\t\t\t\t<div class=\"elementor-element elementor-element-424999ae elementor-widget elementor-widget-heading\" data-id=\"424999ae\" data-element_type=\"widget\" data-e-type=\"widget\" data-widget_type=\"heading.default\">\n\t\t\t\t<div class=\"elementor-widget-container\">\n\t\t\t\t\t<p class=\"elementor-heading-title elementor-size-default\">\u00a9 2024 T\u00fcm haklar\u0131 sakl\u0131d\u0131r. Doru Yaz\u0131l\u0131m ve Dan\u0131\u015fmanl\u0131k A.\u015e.<\/p>\t\t\t\t<\/div>\n\t\t\t\t<\/div>\n\t\t\t\t\t<\/div>\n\t\t\t\t<\/div>\n\t\t\t\t<\/div>\n\t\t","protected":false},"excerpt":{"rendered":"<p>H\u0130ZMETLER\u0130M\u0130Z 1- Dijital Parkur: Gelece\u011fin E\u011fitim Platformu Dijital Parkur, Doru Yaz\u0131l\u0131m ve Dan\u0131\u015fmanl\u0131k A.\u015e. taraf\u0131ndan, s\u0131navlara haz\u0131rlanan \u00f6\u011frencilerin e\u011fitim s\u00fcre\u00e7lerini kolayla\u015ft\u0131rmak ve onlara en iyi \u00f6\u011frenme deneyimini sunmak amac\u0131yla tasarlanm\u0131\u015f yenilik\u00e7i bir online e\u011fitim platformudur. E\u011fitimde f\u0131rsat e\u015fitli\u011fini art\u0131rmay\u0131 hedefleyen Dijital Parkur, kullan\u0131c\u0131 dostu bir ara y\u00fcz, kapsaml\u0131 i\u00e7erik, ve en g\u00fcncel teknolojilerle desteklenen \u00f6zellikleriyle&#8230;<\/p>\n","protected":false},"author":1,"featured_media":0,"parent":0,"menu_order":0,"comment_status":"closed","ping_status":"closed","template":"","meta":{"_kad_blocks_custom_css":"","_kad_blocks_head_custom_js":"","_kad_blocks_body_custom_js":"","_kad_blocks_footer_custom_js":"","_kadence_starter_templates_imported_post":false,"_kad_post_transparent":"","_kad_post_title":"hide","_kad_post_layout":"fullwidth","_kad_post_sidebar_id":"","_kad_post_content_style":"unboxed","_kad_post_vertical_padding":"hide","_kad_post_feature":"hide","_kad_post_feature_position":"","_kad_post_header":false,"_kad_post_footer":false,"footnotes":""},"class_list":["post-13","page","type-page","status-publish","hentry"],"taxonomy_info":[],"featured_image_src_large":false,"author_info":{"display_name":"admin","author_link":"https:\/\/doruyazilim.com\/author\/doruyazilim"},"comment_info":0,"_links":{"self":[{"href":"https:\/\/doruyazilim.com\/index.php?rest_route=\/wp\/v2\/pages\/13","targetHints":{"allow":["GET"]}}],"collection":[{"href":"https:\/\/doruyazilim.com\/index.php?rest_route=\/wp\/v2\/pages"}],"about":[{"href":"https:\/\/doruyazilim.com\/index.php?rest_route=\/wp\/v2\/types\/page"}],"author":[{"embeddable":true,"href":"https:\/\/doruyazilim.com\/index.php?rest_route=\/wp\/v2\/users\/1"}],"replies":[{"embeddable":true,"href":"https:\/\/doruyazilim.com\/index.php?rest_route=%2Fwp%2Fv2%2Fcomments&post=13"}],"version-history":[{"count":51,"href":"https:\/\/doruyazilim.com\/index.php?rest_route=\/wp\/v2\/pages\/13\/revisions"}],"predecessor-version":[{"id":464,"href":"https:\/\/doruyazilim.com\/index.php?rest_route=\/wp\/v2\/pages\/13\/revisions\/464"}],"wp:attachment":[{"href":"https:\/\/doruyazilim.com\/index.php?rest_route=%2Fwp%2Fv2%2Fmedia&parent=13"}],"curies":[{"name":"wp","href":"https:\/\/api.w.org\/{rel}","templated":true}]}}