{"id":12,"date":"2024-12-11T20:44:45","date_gmt":"2024-12-11T20:44:45","guid":{"rendered":"https:\/\/doruyazilim.com\/?page_id=12"},"modified":"2024-12-22T19:17:47","modified_gmt":"2024-12-22T19:17:47","slug":"kurumsal","status":"publish","type":"page","link":"https:\/\/doruyazilim.com\/?page_id=12","title":{"rendered":"Kurumsal"},"content":{"rendered":"\t\t<div data-elementor-type=\"wp-page\" data-elementor-id=\"12\" class=\"elementor elementor-12\">\n\t\t\t\t<div class=\"elementor-element elementor-element-126e079 e-flex e-con-boxed e-con e-parent\" data-id=\"126e079\" data-element_type=\"container\" data-e-type=\"container\">\n\t\t\t\t\t<div class=\"e-con-inner\">\n\t\t\t\t\t<\/div>\n\t\t\t\t<\/div>\n\t\t<div class=\"elementor-element elementor-element-5529424 e-flex e-con-boxed e-con e-parent\" data-id=\"5529424\" data-element_type=\"container\" data-e-type=\"container\">\n\t\t\t\t\t<div class=\"e-con-inner\">\n\t\t<div class=\"elementor-element elementor-element-c065818 e-con-full e-flex e-con e-child\" data-id=\"c065818\" data-element_type=\"container\" data-e-type=\"container\">\n\t\t\t\t<div class=\"elementor-element elementor-element-3dcadf5 elementor-widget elementor-widget-image\" data-id=\"3dcadf5\" data-element_type=\"widget\" data-e-type=\"widget\" data-widget_type=\"image.default\">\n\t\t\t\t<div class=\"elementor-widget-container\">\n\t\t\t\t\t\t\t\t\t\t\t\t\t\t\t<img fetchpriority=\"high\" decoding=\"async\" width=\"1024\" height=\"1024\" src=\"https:\/\/doruyazilim.com\/wp-content\/uploads\/2024\/12\/Cozumler-1024x1024.png\" class=\"attachment-large size-large wp-image-93\" alt=\"\" srcset=\"https:\/\/doruyazilim.com\/wp-content\/uploads\/2024\/12\/Cozumler-1024x1024.png 1024w, https:\/\/doruyazilim.com\/wp-content\/uploads\/2024\/12\/Cozumler-300x300.png 300w, https:\/\/doruyazilim.com\/wp-content\/uploads\/2024\/12\/Cozumler-150x150.png 150w, https:\/\/doruyazilim.com\/wp-content\/uploads\/2024\/12\/Cozumler-768x768.png 768w, https:\/\/doruyazilim.com\/wp-content\/uploads\/2024\/12\/Cozumler.png 1080w, https:\/\/doruyazilim.com\/wp-content\/uploads\/2024\/12\/elementor\/thumbs\/Cozumler-qyscf43ajun9i1u6yt9fhoqfsji5siu03djoiwkb5c.png 600w\" sizes=\"(max-width: 1024px) 100vw, 1024px\" \/>\t\t\t\t\t\t\t\t\t\t\t\t\t\t\t<\/div>\n\t\t\t\t<\/div>\n\t\t\t\t<\/div>\n\t\t<div class=\"elementor-element elementor-element-08c6bb3 e-con-full e-flex e-con e-child\" data-id=\"08c6bb3\" data-element_type=\"container\" data-e-type=\"container\">\n\t\t<div class=\"elementor-element elementor-element-25f735d e-con-full e-flex e-con e-child\" data-id=\"25f735d\" data-element_type=\"container\" data-e-type=\"container\">\n\t\t\t\t<div class=\"elementor-element elementor-element-a6eed64 elementor-widget__width-initial elementor-widget elementor-widget-text-editor\" data-id=\"a6eed64\" data-element_type=\"widget\" data-e-type=\"widget\" data-widget_type=\"text-editor.default\">\n\t\t\t\t<div class=\"elementor-widget-container\">\n\t\t\t\t\t\t\t\t\t<h2><strong>Hakk\u0131m\u0131zda<\/strong><\/h2><p>Doru Yaz\u0131l\u0131m ve Dan\u0131\u015fmanl\u0131k A.\u015e. olarak, teknoloji ve inovasyonun g\u00fcc\u00fcn\u00fc kullanarak hayatlara dokunuyoruz. Ana faaliyet alanlar\u0131m\u0131z aras\u0131nda <strong>Dijital Parkur<\/strong> online e\u011fitim platformu, <strong>siber g\u00fcvenlik \u00e7\u00f6z\u00fcmleri<\/strong> ve <strong>mobil ERP yaz\u0131l\u0131mlar\u0131<\/strong> yer almaktad\u0131r. Her bir projede amac\u0131m\u0131z, kullan\u0131c\u0131lar\u0131m\u0131za en iyi deneyimi sunmak ve onlar\u0131n ihtiya\u00e7lar\u0131na kal\u0131c\u0131 \u00e7\u00f6z\u00fcmler \u00fcretmektir.<\/p><p><strong>Vizyonumuz<\/strong>, s\u00fcrekli iyile\u015fme ve geli\u015fimi temel alan Kaizen felsefesi ile sekt\u00f6rde fark yaratmak; her ad\u0131mda daha iyiyi aramakt\u0131r. <strong>Misyonumuz<\/strong> ise yapt\u0131\u011f\u0131m\u0131z i\u015fi yaln\u0131zca iyi de\u011fil, en kaliteli \u015fekilde yaparak g\u00fcvenilirli\u011fimizi ve de\u011ferimizi her ge\u00e7en g\u00fcn art\u0131rmakt\u0131r.<\/p><p>Gen\u00e7lerin e\u011fitim yolculu\u011funu desteklemek ve i\u015fletme sahiplerinin y\u00f6netim s\u00fcre\u00e7lerini kolayla\u015ft\u0131rmak amac\u0131yla geli\u015ftirdi\u011fimiz \u00e7\u00f6z\u00fcmler, hem bireysel hem de kurumsal hedeflere ula\u015fmada g\u00fc\u00e7l\u00fc bir yol arkada\u015f\u0131 olmay\u0131 hedefliyor.<\/p><p>Doru Yaz\u0131l\u0131m ve Dan\u0131\u015fmanl\u0131k A.\u015e. olarak, teknolojiyle gelece\u011fi \u015fekillendirmek i\u00e7in buraday\u0131z.<\/p>\t\t\t\t\t\t\t\t<\/div>\n\t\t\t\t<\/div>\n\t\t\t\t<\/div>\n\t\t\t\t<\/div>\n\t\t\t\t\t<\/div>\n\t\t\t\t<\/div>\n\t\t<div class=\"elementor-element elementor-element-80a0fa8 e-flex e-con-boxed e-con e-parent\" data-id=\"80a0fa8\" data-element_type=\"container\" data-e-type=\"container\">\n\t\t\t\t\t<div class=\"e-con-inner\">\n\t\t\t\t<div class=\"elementor-element elementor-element-5369b7b elementor-widget-divider--view-line elementor-widget elementor-widget-divider\" data-id=\"5369b7b\" data-element_type=\"widget\" data-e-type=\"widget\" data-widget_type=\"divider.default\">\n\t\t\t\t<div class=\"elementor-widget-container\">\n\t\t\t\t\t\t\t<div class=\"elementor-divider\">\n\t\t\t<span class=\"elementor-divider-separator\">\n\t\t\t\t\t\t<\/span>\n\t\t<\/div>\n\t\t\t\t\t\t<\/div>\n\t\t\t\t<\/div>\n\t\t\t\t\t<\/div>\n\t\t\t\t<\/div>\n\t\t<div class=\"elementor-element elementor-element-52f3046 e-con-full e-flex e-con e-parent\" data-id=\"52f3046\" data-element_type=\"container\" data-e-type=\"container\">\n\t\t<div class=\"elementor-element elementor-element-ecf5252 e-con-full e-flex e-con e-child\" data-id=\"ecf5252\" data-element_type=\"container\" data-e-type=\"container\">\n\t\t\t\t<div class=\"elementor-element elementor-element-f9967eb elementor-widget elementor-widget-text-editor\" data-id=\"f9967eb\" data-element_type=\"widget\" data-e-type=\"widget\" data-widget_type=\"text-editor.default\">\n\t\t\t\t<div class=\"elementor-widget-container\">\n\t\t\t\t\t\t\t\t\t<p>Doru Yaz\u0131l\u0131m ve Dan\u0131\u015fmanl\u0131k A.\u015e., teknolojiyle bireylerin ve i\u015fletmelerin hayatlar\u0131n\u0131 d\u00f6n\u00fc\u015ft\u00fcrme vizyonuyla 2023 y\u0131l\u0131nda Gaziantep\u2019te kuruldu. Kurucular\u0131m\u0131z, e\u011fitimde f\u0131rsat e\u015fitli\u011fini art\u0131rmak ve i\u015fletmelerin dijital d\u00fcnyada rekabet avantaj\u0131 sa\u011flamalar\u0131na yard\u0131mc\u0131 olmak amac\u0131yla bu yolculu\u011fa \u00e7\u0131kt\u0131.<\/p><p>\u0130lk ad\u0131m\u0131m\u0131z, gen\u00e7lerin s\u0131navlara haz\u0131rl\u0131k s\u00fcre\u00e7lerini kolayla\u015ft\u0131rmak i\u00e7in geli\u015ftirdi\u011fimiz <strong>Dijital Parkur<\/strong> platformuyla ba\u015flad\u0131. Hedefimiz, yaln\u0131zca bir e\u011fitim arac\u0131 sunmak de\u011fil, ayn\u0131 zamanda bireylerin potansiyellerini ke\u015ffetmelerine yard\u0131mc\u0131 olmakt\u0131. K\u0131sa s\u00fcrede, bu ba\u015far\u0131 hikayemize <strong>siber g\u00fcvenlik \u00e7\u00f6z\u00fcmleri<\/strong> ve <strong>mobil ERP yaz\u0131l\u0131mlar\u0131<\/strong> gibi yeni alanlar ekleyerek b\u00fcy\u00fcmeye devam ettik.<\/p><p>\u00a0<\/p>\t\t\t\t\t\t\t\t<\/div>\n\t\t\t\t<\/div>\n\t\t\t\t<\/div>\n\t\t<div class=\"elementor-element elementor-element-3e874d5 e-con-full e-flex e-con e-child\" data-id=\"3e874d5\" data-element_type=\"container\" data-e-type=\"container\">\n\t\t\t\t<div class=\"elementor-element elementor-element-27915f8 elementor-widget elementor-widget-image\" data-id=\"27915f8\" data-element_type=\"widget\" data-e-type=\"widget\" data-widget_type=\"image.default\">\n\t\t\t\t<div class=\"elementor-widget-container\">\n\t\t\t\t\t\t\t\t\t\t\t\t\t\t\t<img decoding=\"async\" width=\"1024\" height=\"1024\" src=\"https:\/\/doruyazilim.com\/wp-content\/uploads\/2024\/12\/1E582719-ACAE-4394-80EB-02C3C986262D_L0_001-15.10.2024-22_35_57-1024x1024.jpg\" class=\"attachment-large size-large wp-image-45\" alt=\"\" srcset=\"https:\/\/doruyazilim.com\/wp-content\/uploads\/2024\/12\/1E582719-ACAE-4394-80EB-02C3C986262D_L0_001-15.10.2024-22_35_57-1024x1024.jpg 1024w, https:\/\/doruyazilim.com\/wp-content\/uploads\/2024\/12\/1E582719-ACAE-4394-80EB-02C3C986262D_L0_001-15.10.2024-22_35_57-300x300.jpg 300w, https:\/\/doruyazilim.com\/wp-content\/uploads\/2024\/12\/1E582719-ACAE-4394-80EB-02C3C986262D_L0_001-15.10.2024-22_35_57-150x150.jpg 150w, https:\/\/doruyazilim.com\/wp-content\/uploads\/2024\/12\/1E582719-ACAE-4394-80EB-02C3C986262D_L0_001-15.10.2024-22_35_57-768x768.jpg 768w, https:\/\/doruyazilim.com\/wp-content\/uploads\/2024\/12\/1E582719-ACAE-4394-80EB-02C3C986262D_L0_001-15.10.2024-22_35_57.jpg 1080w\" sizes=\"(max-width: 1024px) 100vw, 1024px\" \/>\t\t\t\t\t\t\t\t\t\t\t\t\t\t\t<\/div>\n\t\t\t\t<\/div>\n\t\t\t\t<\/div>\n\t\t\t\t<\/div>\n\t\t<div class=\"elementor-element elementor-element-dc215bd e-flex e-con-boxed e-con e-parent\" data-id=\"dc215bd\" data-element_type=\"container\" data-e-type=\"container\">\n\t\t\t\t\t<div class=\"e-con-inner\">\n\t\t<div class=\"elementor-element elementor-element-6bfc61b e-con-full e-flex e-con e-child\" data-id=\"6bfc61b\" data-element_type=\"container\" data-e-type=\"container\">\n\t\t\t\t<div class=\"elementor-element elementor-element-833ca53 elementor-widget elementor-widget-text-editor\" data-id=\"833ca53\" data-element_type=\"widget\" data-e-type=\"widget\" data-widget_type=\"text-editor.default\">\n\t\t\t\t<div class=\"elementor-widget-container\">\n\t\t\t\t\t\t\t\t\t<p><strong>Siber G\u00fcvenlik Hizmetlerimiz<\/strong><\/p><p>Doru Yaz\u0131l\u0131m ve Dan\u0131\u015fmanl\u0131k A.\u015e. olarak, dijital d\u00fcnyan\u0131n h\u0131zla geli\u015fmesiyle birlikte artan siber tehditlere kar\u015f\u0131 g\u00fc\u00e7l\u00fc ve etkili \u00e7\u00f6z\u00fcmler sunuyoruz. \u0130\u015fletmelerin ve bireylerin dijital varl\u0131klar\u0131n\u0131 koruma misyonuyla, g\u00fcvenilir siber g\u00fcvenlik hizmetleri geli\u015ftirmeye odaklan\u0131yoruz.<\/p><p>Hizmetlerimiz aras\u0131nda:<\/p><ul><li><strong>A\u011f G\u00fcvenli\u011fi<\/strong>: \u015eirket i\u00e7i ve d\u0131\u015f\u0131 a\u011f trafi\u011finizi g\u00fcvence alt\u0131na alarak veri ihlallerini \u00f6nl\u00fcyoruz.<\/li><li><strong>Veri Koruma<\/strong>: Hassas verilerinizi \u015fifreleme ve yedekleme gibi y\u00f6ntemlerle g\u00fcvence alt\u0131na al\u0131yoruz.<\/li><li><strong>Siber Tehdit Analizi<\/strong>: Potansiyel riskleri tespit ederek \u00f6nleyici \u00e7\u00f6z\u00fcmler sunuyoruz.<\/li><li><strong>Siber Fark\u0131ndal\u0131k E\u011fitimleri<\/strong>: \u00c7al\u0131\u015fanlar\u0131n\u0131z\u0131n siber tehditlere kar\u015f\u0131 bilin\u00e7lenmesi i\u00e7in e\u011fitim programlar\u0131 d\u00fczenliyoruz.<\/li><\/ul><p>Her \u00e7\u00f6z\u00fcm\u00fcm\u00fcz, en g\u00fcncel teknolojiler ve global standartlar \u0131\u015f\u0131\u011f\u0131nda tasarlanm\u0131\u015ft\u0131r. Amac\u0131m\u0131z, sadece olas\u0131 tehditlere kar\u015f\u0131 savunma sa\u011flamak de\u011fil, ayn\u0131 zamanda kullan\u0131c\u0131lar\u0131m\u0131z\u0131 bilin\u00e7lendirerek proaktif bir g\u00fcvenlik anlay\u0131\u015f\u0131 olu\u015fturmakt\u0131r.<\/p><p>Dijital d\u00fcnyada g\u00fcvenilir bir yol arkada\u015f\u0131 ar\u0131yorsan\u0131z, Doru Yaz\u0131l\u0131m ve Dan\u0131\u015fmanl\u0131k A.\u015e. olarak size \u00f6zel \u00e7\u00f6z\u00fcmlerle yan\u0131n\u0131zday\u0131z.<\/p>\t\t\t\t\t\t\t\t<\/div>\n\t\t\t\t<\/div>\n\t\t\t\t<\/div>\n\t\t<div class=\"elementor-element elementor-element-9e37731 e-con-full e-flex e-con e-child\" data-id=\"9e37731\" data-element_type=\"container\" data-e-type=\"container\">\n\t\t\t\t<\/div>\n\t\t\t\t\t<\/div>\n\t\t\t\t<\/div>\n\t\t<div class=\"elementor-element elementor-element-0ef4dad e-flex e-con-boxed e-con e-parent\" data-id=\"0ef4dad\" data-element_type=\"container\" data-e-type=\"container\">\n\t\t\t\t\t<div class=\"e-con-inner\">\n\t\t\t\t<div class=\"elementor-element elementor-element-3a97e2b elementor-icon-list--layout-inline elementor-tablet-align-center elementor-align-center elementor-list-item-link-full_width elementor-widget elementor-widget-icon-list\" data-id=\"3a97e2b\" data-element_type=\"widget\" data-e-type=\"widget\" data-widget_type=\"icon-list.default\">\n\t\t\t\t<div class=\"elementor-widget-container\">\n\t\t\t\t\t\t\t<ul class=\"elementor-icon-list-items elementor-inline-items\">\n\t\t\t\t\t\t\t<li class=\"elementor-icon-list-item elementor-inline-item\">\n\t\t\t\t\t\t\t\t\t\t<span class=\"elementor-icon-list-text\">+90 537 062 23 23<\/span>\n\t\t\t\t\t\t\t\t\t<\/li>\n\t\t\t\t\t\t\t\t<li class=\"elementor-icon-list-item elementor-inline-item\">\n\t\t\t\t\t\t\t\t\t\t<span class=\"elementor-icon-list-text\">\u00c7amtepe Mah. Mahmut Tevfik Atay Bulvar\u0131 4\/A Blok No :Z-18<\/span>\n\t\t\t\t\t\t\t\t\t<\/li>\n\t\t\t\t\t\t\t\t<li class=\"elementor-icon-list-item elementor-inline-item\">\n\t\t\t\t\t\t\t\t\t\t<span class=\"elementor-icon-list-text\">Pzt-Cuma 08:30 - 17:00<\/span>\n\t\t\t\t\t\t\t\t\t<\/li>\n\t\t\t\t\t\t<\/ul>\n\t\t\t\t\t\t<\/div>\n\t\t\t\t<\/div>\n\t\t\t\t\t<\/div>\n\t\t\t\t<\/div>\n\t\t<div class=\"elementor-element elementor-element-d92eb8a e-flex e-con-boxed e-con e-parent\" data-id=\"d92eb8a\" data-element_type=\"container\" data-e-type=\"container\" data-settings=\"{&quot;background_background&quot;:&quot;classic&quot;}\">\n\t\t\t\t\t<div class=\"e-con-inner\">\n\t\t\t\t<div class=\"elementor-element elementor-element-4bc37a8 elementor-widget elementor-widget-heading\" data-id=\"4bc37a8\" data-element_type=\"widget\" data-e-type=\"widget\" data-widget_type=\"heading.default\">\n\t\t\t\t<div class=\"elementor-widget-container\">\n\t\t\t\t\t<p class=\"elementor-heading-title elementor-size-default\">\u00a9 2024 T\u00fcm haklar\u0131 sakl\u0131d\u0131r. Doru Yaz\u0131l\u0131m ve Dan\u0131\u015fmanl\u0131k A.\u015e.<\/p>\t\t\t\t<\/div>\n\t\t\t\t<\/div>\n\t\t\t\t\t<\/div>\n\t\t\t\t<\/div>\n\t\t\t\t<\/div>\n\t\t","protected":false},"excerpt":{"rendered":"<p>Hakk\u0131m\u0131zda Doru Yaz\u0131l\u0131m ve Dan\u0131\u015fmanl\u0131k A.\u015e. olarak, teknoloji ve inovasyonun g\u00fcc\u00fcn\u00fc kullanarak hayatlara dokunuyoruz. Ana faaliyet alanlar\u0131m\u0131z aras\u0131nda Dijital Parkur online e\u011fitim platformu, siber g\u00fcvenlik \u00e7\u00f6z\u00fcmleri ve mobil ERP yaz\u0131l\u0131mlar\u0131 yer almaktad\u0131r. Her bir projede amac\u0131m\u0131z, kullan\u0131c\u0131lar\u0131m\u0131za en iyi deneyimi sunmak ve onlar\u0131n ihtiya\u00e7lar\u0131na kal\u0131c\u0131 \u00e7\u00f6z\u00fcmler \u00fcretmektir. Vizyonumuz, s\u00fcrekli iyile\u015fme ve geli\u015fimi temel alan Kaizen&#8230;<\/p>\n","protected":false},"author":1,"featured_media":0,"parent":0,"menu_order":0,"comment_status":"closed","ping_status":"closed","template":"","meta":{"_kad_blocks_custom_css":"","_kad_blocks_head_custom_js":"","_kad_blocks_body_custom_js":"","_kad_blocks_footer_custom_js":"","_kadence_starter_templates_imported_post":false,"_kad_post_transparent":"","_kad_post_title":"hide","_kad_post_layout":"fullwidth","_kad_post_sidebar_id":"","_kad_post_content_style":"unboxed","_kad_post_vertical_padding":"hide","_kad_post_feature":"hide","_kad_post_feature_position":"","_kad_post_header":false,"_kad_post_footer":false,"footnotes":""},"class_list":["post-12","page","type-page","status-publish","hentry"],"taxonomy_info":[],"featured_image_src_large":false,"author_info":{"display_name":"admin","author_link":"https:\/\/doruyazilim.com\/author\/doruyazilim"},"comment_info":0,"_links":{"self":[{"href":"https:\/\/doruyazilim.com\/index.php?rest_route=\/wp\/v2\/pages\/12","targetHints":{"allow":["GET"]}}],"collection":[{"href":"https:\/\/doruyazilim.com\/index.php?rest_route=\/wp\/v2\/pages"}],"about":[{"href":"https:\/\/doruyazilim.com\/index.php?rest_route=\/wp\/v2\/types\/page"}],"author":[{"embeddable":true,"href":"https:\/\/doruyazilim.com\/index.php?rest_route=\/wp\/v2\/users\/1"}],"replies":[{"embeddable":true,"href":"https:\/\/doruyazilim.com\/index.php?rest_route=%2Fwp%2Fv2%2Fcomments&post=12"}],"version-history":[{"count":37,"href":"https:\/\/doruyazilim.com\/index.php?rest_route=\/wp\/v2\/pages\/12\/revisions"}],"predecessor-version":[{"id":390,"href":"https:\/\/doruyazilim.com\/index.php?rest_route=\/wp\/v2\/pages\/12\/revisions\/390"}],"wp:attachment":[{"href":"https:\/\/doruyazilim.com\/index.php?rest_route=%2Fwp%2Fv2%2Fmedia&parent=12"}],"curies":[{"name":"wp","href":"https:\/\/api.w.org\/{rel}","templated":true}]}}